{"id":37,"date":"2021-06-09T14:36:15","date_gmt":"2021-06-09T14:36:15","guid":{"rendered":"http:\/\/192.168.2.129\/?page_id=37"},"modified":"2024-01-12T09:56:24","modified_gmt":"2024-01-12T09:56:24","slug":"37-2","status":"publish","type":"page","link":"https:\/\/dl-it.ch\/?page_id=37","title":{"rendered":"Pr\u00e9sentation"},"content":{"rendered":"<p>[et_pb_section fb_built=\u00a0\u00bb1&Prime; _builder_version=\u00a0\u00bb4.16&Prime; _module_preset=\u00a0\u00bbdefault\u00a0\u00bb global_colors_info=\u00a0\u00bb{}\u00a0\u00bb][et_pb_row _builder_version=\u00a0\u00bb4.16&Prime; _module_preset=\u00a0\u00bbdefault\u00a0\u00bb global_colors_info=\u00a0\u00bb{}\u00a0\u00bb][et_pb_column type=\u00a0\u00bb4_4&Prime; _builder_version=\u00a0\u00bb4.16&Prime; _module_preset=\u00a0\u00bbdefault\u00a0\u00bb global_colors_info=\u00a0\u00bb{}\u00a0\u00bb][et_pb_text _builder_version=\u00a0\u00bb4.16&Prime; _module_preset=\u00a0\u00bbdefault\u00a0\u00bb global_colors_info=\u00a0\u00bb{}\u00a0\u00bb]<\/p>\n<h1 itemprop=\"headline\"><strong>Pr\u00e9sentation :<br \/><\/strong><\/h1>\n<p>[\/et_pb_text][\/et_pb_column][\/et_pb_row][et_pb_row _builder_version=\u00a0\u00bb4.16&Prime; _module_preset=\u00a0\u00bbdefault\u00a0\u00bb custom_padding=\u00a0\u00bb15px|||||\u00a0\u00bb global_colors_info=\u00a0\u00bb{}\u00a0\u00bb][et_pb_column type=\u00a0\u00bb4_4&Prime; _builder_version=\u00a0\u00bb4.16&Prime; _module_preset=\u00a0\u00bbdefault\u00a0\u00bb global_colors_info=\u00a0\u00bb{}\u00a0\u00bb][et_pb_text _builder_version=\u00a0\u00bb4.23.4&Prime; _module_preset=\u00a0\u00bbdefault\u00a0\u00bb hover_enabled=\u00a0\u00bb0&Prime; global_colors_info=\u00a0\u00bb{}\u00a0\u00bb sticky_enabled=\u00a0\u00bb0&Prime;]<\/p>\n<p><span style=\"text-decoration: underline;\"><strong>Q<\/strong><\/span><span style=\"text-decoration: underline;\"><strong>ui suis<\/strong><\/span><span style=\"text-decoration: underline;\"><strong>-je<\/strong><\/span><span style=\"text-decoration: underline;\"><strong> ?<\/strong><\/span><\/p>\n<p><span style=\"text-decoration: underline;\"><strong><img loading=\"lazy\" decoding=\"async\" src=\"https:\/\/dl-it.ch\/wp-content\/uploads\/2023\/10\/davidlee-226x300.png\" width=\"226\" height=\"300\" alt=\"\" class=\"wp-image-226 alignnone size-medium\" \/><\/strong><\/span><\/p>\n<p>Bonjour,<\/p>\n<p>Je me pr\u00e9sente :\u00a0David Lee.<\/p>\n<p>\u00c9tant passionn\u00e9 d&rsquo;informatique depuis l&rsquo;\u00e2ge de 5 ans, j&rsquo;ai d\u00e9cid\u00e9 de cr\u00e9er mon entreprise afin de mettre \u00e0 disposition mes connaissances pour les <span style=\"text-decoration: underline;\"><strong>particuliers<\/strong><\/span> et les <span style=\"text-decoration: underline;\"><strong>entreprises<\/strong><\/span>.<\/p>\n<p>J&rsquo;ai eu la chance d&rsquo;apprendre et d&rsquo;\u00e9voluer dans ce domaine, particuli\u00e8rement vaste, lors de mes diff\u00e9rents emplois notamment dans le secteur bancaire &#8211; La vente et conseil &#8211; Service informatique aux particuliers et PME &#8211; Secteur de la distribution alimentaire.<\/p>\n<p>Mon but est d&rsquo;expliquer\u00a0et faire\u00a0comprendre aux utilisateurs le fonctionnement de leur ordinateur ainsi que de les aider \u00e0 choisir le bon mat\u00e9riel\/logiciel par rapport \u00e0 leurs besoins pr\u00e9sents et futurs.<\/p>\n<p>Je m&rsquo;int\u00e9resse \u00e0\u00a0un grand nombre\u00a0de domaines ( PC \/ Mac \/ Linux \/ Jeux etc&#8230; ).<\/p>\n<p>&nbsp;<\/p>\n<p><span style=\"text-decoration: underline;\"><strong>Mes formations\/connaissances :<\/strong><\/span><\/p>\n<p><span style=\"text-decoration: underline;\">Fonction :<\/span>\u00a0Fondateur &#8211; Technicien\/Administrateur IT<\/p>\n<p><span style=\"text-decoration: underline;\">Formation :<\/span> CFC d&rsquo;informaticien<\/p>\n<p><span style=\"text-decoration: underline;\">Langues :<\/span> Fran\u00e7ais &#8211; Anglais &#8211; Allemand<\/p>\n<p><span style=\"text-decoration: underline;\">Certifications :<\/span> MCITP Windows 2008 R2 \/ Cours Zyxel R\u00e9seaux et t\u00e9l\u00e9phonie \/ Veeam Backup &amp; Replication WEB Certification \/ VMware Certification WEB.<\/p>\n<p>Connaissances :<\/p>\n<ul>\n<li><span style=\"text-decoration: underline;\"><strong>Virtualisation :<\/strong><\/span> VMware 6\u00a0\/ Citrix 7 ( XenServer &#8211; XenDesktop &#8211; XenApp &#8211; NetScaler)\u00a0\u00a0\/\u00a0Hyper-V 2012R2.<\/li>\n<li><span style=\"text-decoration: underline;\"><strong>Syst\u00e8mes d&rsquo;exploitation :<\/strong><\/span> <strong>Microsoft<\/strong> : Windows XP-7-8-10\u00a0&#8211; Windows 2008 R2 &#8211; Windows 2012 R2 \/ 2016 \/ 2019 \/ <strong>Apple<\/strong> : MacOSX &#8211; IOS\u00a0\/ <strong>Linux<\/strong> : Fedora \/ Ubuntu \/ CentOS connaissance de\u00a0base.<\/li>\n<li><span style=\"text-decoration: underline;\"><strong>Sauvegardes :<\/strong><\/span> Veeam Backup &amp; Replication \/ Symantec Backup Exec\u00a0\/ StorageCraft &#8211; Windows Backup \/ Acronis.<\/li>\n<li><span style=\"text-decoration: underline;\"><strong>Gestion infrastructure :<\/strong><\/span>\u00a0\u00a0SCCM 2012R2<\/li>\n<li><span style=\"text-decoration: underline;\"><strong>R\u00e9seaux :<\/strong><\/span> Wifi &#8211; Switch &#8211; Routeur &#8211; Firewall &#8211; VPN ( Zyxel + Ubiquiti ).<\/li>\n<li><span style=\"text-decoration: underline;\"><strong>Protection :<\/strong><\/span> Sophos Anti-virus\u00a0\/ Kaspersky\u00a0\/ Symantec EndPoint\u00a0\/ Microsoft EndPoint Security\u00a0\/ Panda.<\/li>\n<li><span style=\"text-decoration: underline;\"><strong>Outils de Production<\/strong><strong> :<\/strong><\/span> Microsoft &#8211; Adobe &#8211; Autodesk.<\/li>\n<li><span style=\"text-decoration: underline;\"><strong>Base de donn\u00e9e :<\/strong><\/span> MySQL &#8211; SQL Serveur.<\/li>\n<li><span style=\"text-decoration: underline;\"><strong>Divertissements :<\/strong><\/span> PC-Gamer \/ Simulateur de vol \/ R\u00e9alit\u00e9 virtuel ( HTC Vive ).<\/li>\n<\/ul>\n<p>[\/et_pb_text][\/et_pb_column][\/et_pb_row][\/et_pb_section]<\/p>\n","protected":false},"excerpt":{"rendered":"<p>Pr\u00e9sentation :Qui suis-je ? Bonjour, Je me pr\u00e9sente :\u00a0David Lee. \u00c9tant passionn\u00e9 d&rsquo;informatique depuis l&rsquo;\u00e2ge de 5 ans, j&rsquo;ai d\u00e9cid\u00e9 de cr\u00e9er mon entreprise afin de mettre \u00e0 disposition mes connaissances pour les particuliers et les entreprises. J&rsquo;ai eu la chance d&rsquo;apprendre et d&rsquo;\u00e9voluer dans ce domaine, particuli\u00e8rement vaste, lors de mes diff\u00e9rents emplois notamment [&hellip;]<\/p>\n","protected":false},"author":1,"featured_media":0,"parent":0,"menu_order":0,"comment_status":"closed","ping_status":"closed","template":"","meta":{"_et_pb_use_builder":"on","_et_pb_old_content":"","_et_gb_content_width":"","footnotes":""},"class_list":["post-37","page","type-page","status-publish","hentry"],"_links":{"self":[{"href":"https:\/\/dl-it.ch\/index.php?rest_route=\/wp\/v2\/pages\/37","targetHints":{"allow":["GET"]}}],"collection":[{"href":"https:\/\/dl-it.ch\/index.php?rest_route=\/wp\/v2\/pages"}],"about":[{"href":"https:\/\/dl-it.ch\/index.php?rest_route=\/wp\/v2\/types\/page"}],"author":[{"embeddable":true,"href":"https:\/\/dl-it.ch\/index.php?rest_route=\/wp\/v2\/users\/1"}],"replies":[{"embeddable":true,"href":"https:\/\/dl-it.ch\/index.php?rest_route=%2Fwp%2Fv2%2Fcomments&post=37"}],"version-history":[{"count":8,"href":"https:\/\/dl-it.ch\/index.php?rest_route=\/wp\/v2\/pages\/37\/revisions"}],"predecessor-version":[{"id":298,"href":"https:\/\/dl-it.ch\/index.php?rest_route=\/wp\/v2\/pages\/37\/revisions\/298"}],"wp:attachment":[{"href":"https:\/\/dl-it.ch\/index.php?rest_route=%2Fwp%2Fv2%2Fmedia&parent=37"}],"curies":[{"name":"wp","href":"https:\/\/api.w.org\/{rel}","templated":true}]}}