{"id":59,"date":"2021-06-09T14:42:02","date_gmt":"2021-06-09T14:42:02","guid":{"rendered":"http:\/\/192.168.2.129\/?page_id=59"},"modified":"2021-06-09T15:10:09","modified_gmt":"2021-06-09T15:10:09","slug":"59-2","status":"publish","type":"page","link":"https:\/\/dl-it.ch\/?page_id=59","title":{"rendered":"Services En-Ligne"},"content":{"rendered":"<p>[et_pb_section fb_built=\u00a0\u00bb1&Prime; _builder_version=\u00a0\u00bb4.9.4&Prime; _module_preset=\u00a0\u00bbdefault\u00a0\u00bb][et_pb_row _builder_version=\u00a0\u00bb4.9.4&Prime; _module_preset=\u00a0\u00bbdefault\u00a0\u00bb][et_pb_column type=\u00a0\u00bb4_4&Prime; _builder_version=\u00a0\u00bb4.9.4&Prime; _module_preset=\u00a0\u00bbdefault\u00a0\u00bb][et_pb_text _builder_version=\u00a0\u00bb4.9.4&Prime; _module_preset=\u00a0\u00bbdefault\u00a0\u00bb]<\/p>\n<h1 itemprop=\"headline\"><strong>Services En-Ligne :<\/strong><\/h1>\n<p>[\/et_pb_text][\/et_pb_column][\/et_pb_row][et_pb_row _builder_version=\u00a0\u00bb4.9.4&Prime; _module_preset=\u00a0\u00bbdefault\u00a0\u00bb][et_pb_column type=\u00a0\u00bb4_4&Prime; _builder_version=\u00a0\u00bb4.9.4&Prime; _module_preset=\u00a0\u00bbdefault\u00a0\u00bb][et_pb_text _builder_version=\u00a0\u00bb4.9.4&Prime; _module_preset=\u00a0\u00bbdefault\u00a0\u00bb hover_enabled=\u00a0\u00bb0&Prime; sticky_enabled=\u00a0\u00bb0&Prime;]<\/p>\n<p><span style=\"text-decoration: underline;\"><strong>Sauvegarde de fichiers en ligne : ( Uniquement avec un abonnement )<\/strong><\/span><\/p>\n<p>Je vous propose \u00e9galement la possibilit\u00e9 d&rsquo;avoir un espace de stockage pour sauvegarder vos fichiers importants : Photos, vid\u00e9os, documents etc&#8230;<\/p>\n<p>Compatible avec tous les syst\u00e8mes : Microsoft &#8211; Apple &#8211; Linux.<\/p>\n<p>La sauvegarde peut se faire:<\/p>\n<ul>\n<li><strong>Automatiquement<\/strong> : D\u00e8s que vous modifiez un document ou ajoutez un fichier, les modifications sont imm\u00e9diatement transf\u00e9r\u00e9es.<\/li>\n<li><strong>Manuellement<\/strong> : Vous d\u00e9placez vous-m\u00eame les fichiers que vous souhaitez sauver.<\/li>\n<li><strong>Syst\u00e8me complet<\/strong> : Pour les serveurs ou postes de travail, il y a \u00e9galement la possibilit\u00e9 de tout sauvegarder automatiquement.<\/li>\n<\/ul>\n<p><span style=\"text-decoration: underline;\"><strong>Tarifs :<\/strong><\/span> sur demande.<\/p>\n<p>Si cela vous int\u00e9resse, veuillez me faire votre demande par mail \u00e0 <span id=\"cloakb25bcfd088393e2448b794abda88add9\"><a href=\"mailto:info@dl-it.ch\">info@dl-it.ch<\/a><\/span><\/p>\n<p>Portail d&rsquo;acc\u00e8s : <a title=\"To NAS DL-IT\" href=\"https:\/\/nas.davidlee.ch:5001\" target=\"_blank\" rel=\"noopener noreferrer\">https:\/\/nas.davidlee.ch<\/a><\/p>\n<p>Ce serveur poss\u00e8de 2 alimentations redondantes<\/p>\n<p>( 1 sur batterie et 1 sur le r\u00e9seau \u00e9lectrique normal ), il est r\u00e9pliqu\u00e9 sur un deuxi\u00e8me serveur toutes les heures ainsi que<\/p>\n<p>sur un site distant tous les jours et enfin sauvegard\u00e9 sur bande magn\u00e9tique tous les mois pour encore plus de s\u00e9curit\u00e9.<\/p>\n<p><span style=\"text-decoration: underline;\"><strong>Documents l\u00e9gal :<\/strong><\/span> <a title=\"CG_Sauvegarde_en_ligne\" href=\"\/wp-content\/uploads\/2021\/06\/CG_Sauvegarde_en_ligne.pdf\" target=\"_blank\" rel=\"noopener noreferrer\">Conditions G\u00e9n\u00e9rales de Sauvegarde en Ligne<\/a><\/p>\n<p>Formulaire d&rsquo;abonnement \u00e0 compl\u00e9ter, signer et renvoyer en format \u00e9lectronique ou papier : <a title=\"Formulaire Backup\" href=\"\/wp-content\/uploads\/2021\/06\/Formulaire-DL-IT-Sauvegarde-en-ligne.pdf\" target=\"_blank\" rel=\"noopener noreferrer\">Formulaire<\/a><\/p>\n<p>[\/et_pb_text][\/et_pb_column][\/et_pb_row][\/et_pb_section]<\/p>\n","protected":false},"excerpt":{"rendered":"<p>Services En-Ligne :Sauvegarde de fichiers en ligne : ( Uniquement avec un abonnement ) Je vous propose \u00e9galement la possibilit\u00e9 d&rsquo;avoir un espace de stockage pour sauvegarder vos fichiers importants : Photos, vid\u00e9os, documents etc&#8230; Compatible avec tous les syst\u00e8mes : Microsoft &#8211; Apple &#8211; Linux. La sauvegarde peut se faire: Automatiquement : D\u00e8s que [&hellip;]<\/p>\n","protected":false},"author":1,"featured_media":0,"parent":0,"menu_order":0,"comment_status":"closed","ping_status":"closed","template":"","meta":{"_et_pb_use_builder":"on","_et_pb_old_content":"","_et_gb_content_width":"","footnotes":""},"class_list":["post-59","page","type-page","status-publish","hentry"],"_links":{"self":[{"href":"https:\/\/dl-it.ch\/index.php?rest_route=\/wp\/v2\/pages\/59","targetHints":{"allow":["GET"]}}],"collection":[{"href":"https:\/\/dl-it.ch\/index.php?rest_route=\/wp\/v2\/pages"}],"about":[{"href":"https:\/\/dl-it.ch\/index.php?rest_route=\/wp\/v2\/types\/page"}],"author":[{"embeddable":true,"href":"https:\/\/dl-it.ch\/index.php?rest_route=\/wp\/v2\/users\/1"}],"replies":[{"embeddable":true,"href":"https:\/\/dl-it.ch\/index.php?rest_route=%2Fwp%2Fv2%2Fcomments&post=59"}],"version-history":[{"count":4,"href":"https:\/\/dl-it.ch\/index.php?rest_route=\/wp\/v2\/pages\/59\/revisions"}],"predecessor-version":[{"id":135,"href":"https:\/\/dl-it.ch\/index.php?rest_route=\/wp\/v2\/pages\/59\/revisions\/135"}],"wp:attachment":[{"href":"https:\/\/dl-it.ch\/index.php?rest_route=%2Fwp%2Fv2%2Fmedia&parent=59"}],"curies":[{"name":"wp","href":"https:\/\/api.w.org\/{rel}","templated":true}]}}